{"id":38,"date":"2025-03-13T10:46:35","date_gmt":"2025-03-13T10:46:35","guid":{"rendered":"https:\/\/psi-salon.eleninadilna.cz\/domains\/psi-salon.eleninadilna.cz\/cenik\/"},"modified":"2025-03-17T15:22:33","modified_gmt":"2025-03-17T15:22:33","slug":"cenik","status":"publish","type":"page","link":"https:\/\/psi-salon.eleninadilna.cz\/domains\/psi-salon.eleninadilna.cz\/cenik\/","title":{"rendered":"Cen\u00edk"},"content":{"rendered":"\n<div class=\"wp-block-group alignfull has-easy-color-ai-5-background-color has-background has-global-padding is-layout-constrained wp-container-core-group-is-layout-b259e554 wp-block-group-is-layout-constrained\" id=\"about-2\" style=\"margin-top:0px;margin-bottom:0px;padding-top:var(--wp--preset--spacing--70);padding-right:var(--wp--preset--spacing--40);padding-bottom:var(--wp--preset--spacing--70);padding-left:var(--wp--preset--spacing--40)\">\n<div class=\"wp-block-columns alignwide is-layout-flex wp-container-core-columns-is-layout-65b2181d wp-block-columns-is-layout-flex\" style=\"padding-top:var(--wp--preset--spacing--60);padding-right:var(--wp--preset--spacing--60);padding-bottom:var(--wp--preset--spacing--60);padding-left:var(--wp--preset--spacing--60)\">\n<div class=\"wp-block-column is-vertically-aligned-center has-base-2-background-color has-easy-color-ai-5-background-color has-background has-medium-font-size is-layout-flow wp-container-core-column-is-layout-30a78a81 wp-block-column-is-layout-flow\" style=\"padding-top:0;padding-right:0;padding-bottom:0;padding-left:0;flex-basis:45%\">\n<figure class=\"wp-block-image size-full has-custom-border is-style-rounded is-style-rounded--1\" id=\"about-1\"><img decoding=\"async\" src=\"https:\/\/psi-salon.eleninadilna.cz\/domains\/psi-salon.eleninadilna.cz\/wp-content\/uploads\/2025\/03\/pexels-photo-6131159.jpeg\" alt=\"\" style=\"border-radius:30px;aspect-ratio:1;object-fit:cover\"\/><\/figure>\n<\/div>\n\n\n\n<div class=\"wp-block-column is-vertically-aligned-center has-medium-font-size is-layout-flow wp-container-core-column-is-layout-30a78a81 wp-block-column-is-layout-flow\" style=\"padding-top:0;padding-right:0;padding-bottom:0;padding-left:0;flex-basis:55%\">\n<h5 class=\"wp-block-heading has-text-align-left is-style-default has-easy-color-ai-1-color has-text-color has-link-color wp-elements-aafd7f5d2430b269b9fa2d7158769b83\">Pro kr\u00e1sn\u00fd vzhled a spokojen\u00e9ho pejska<\/h5>\n\n\n\n<h2 class=\"wp-block-heading has-text-align-left is-style-default has-easy-color-ai-6-color has-text-color has-link-color wp-elements-a27dc67e2cabb955f9992d1d7c1dc46a\">Cen\u00edk slu\u017eeb<\/h2>\n\n\n\n<p class=\"has-text-align-left has-easy-color-ai-6-color has-text-color has-link-color has-medium-font-size wp-elements-335a8b8b0a93c078cace09b9c365f1c6\" style=\"padding-top:var(--wp--preset--spacing--40);padding-bottom:var(--wp--preset--spacing--40)\">Na t\u00e9to str\u00e1nce naleznete p\u0159esn\u00fd a aktu\u00e1ln\u00ed cen\u00edk na\u0161ich profesion\u00e1ln\u00edch st\u0159\u00edh\u00e1n\u00ed ps\u016f, koup\u00e1n\u00ed, trimov\u00e1n\u00ed, st\u0159\u00edh\u00e1n\u00ed dr\u00e1pk\u016f a dal\u0161\u00edch \u0161it\u00fdch na m\u00edru ka\u017ed\u00e9mu pejskovi.<\/p>\n<\/div>\n<\/div>\n<\/div>\n\n\n\n<div class=\"wp-block-group alignfull has-easy-color-ai-5-variant-2-background-color has-background has-global-padding is-layout-constrained wp-container-core-group-is-layout-b259e554 wp-block-group-is-layout-constrained\" id=\"pricing\" style=\"margin-top:0px;margin-bottom:0px;padding-top:var(--wp--preset--spacing--70);padding-right:var(--wp--preset--spacing--40);padding-bottom:var(--wp--preset--spacing--70);padding-left:var(--wp--preset--spacing--40)\">\n<div class=\"wp-block-columns alignwide are-vertically-aligned-center is-layout-flex wp-container-core-columns-is-layout-cad298ab wp-block-columns-is-layout-flex\" style=\"padding-right:var(--wp--preset--spacing--60);padding-left:var(--wp--preset--spacing--60)\">\n<div class=\"wp-block-column is-vertically-aligned-center is-layout-flow wp-container-core-column-is-layout-987366c3 wp-block-column-is-layout-flow\" style=\"padding-top:var(--wp--preset--spacing--50);padding-right:0;padding-bottom:var(--wp--preset--spacing--50);padding-left:0;flex-basis:100%\">\n<h2 class=\"wp-block-heading has-text-align-center has-easy-color-ai-6-color has-text-color has-link-color wp-elements-86677fc3f2c82c5dd8857da14d15ade3\">Cenov\u00e9 pl\u00e1ny<\/h2>\n\n\n\n<p class=\"has-text-align-center has-easy-color-ai-6-color has-text-color has-link-color has-medium-font-size wp-elements-76c6040c48133d0ab813e6ffc280785b\">Zde naleznete p\u0159ehled na\u0161ich cen za jednotliv\u00e9 slu\u017eby.<\/p>\n<\/div>\n<\/div>\n\n\n\n<div class=\"wp-block-columns alignwide is-layout-flex wp-container-core-columns-is-layout-c8de8d92 wp-block-columns-is-layout-flex\" style=\"padding-right:var(--wp--preset--spacing--60);padding-left:var(--wp--preset--spacing--60)\">\n<div class=\"wp-block-column is-vertically-aligned-stretch has-base-2-background-color is-layout-flow wp-container-core-column-is-layout-f016c79b wp-block-column-is-layout-flow\" style=\"padding-top:0;padding-right:0;padding-bottom:0;padding-left:0;flex-basis:100%\">\n<div class=\"wp-block-columns has-easy-color-ai-1-background-color has-background is-layout-flex wp-container-core-columns-is-layout-ec2e7a44 wp-block-columns-is-layout-flex\" style=\"border-top-left-radius:30px;border-top-right-radius:30px;border-bottom-left-radius:0px;border-bottom-right-radius:0px;padding-top:0;padding-bottom:0\">\n<div class=\"wp-block-column is-layout-flow wp-block-column-is-layout-flow\" style=\"padding-top:var(--wp--preset--spacing--60);padding-right:0;padding-bottom:var(--wp--preset--spacing--60);padding-left:0\">\n<h4 class=\"wp-block-heading has-text-align-center has-easy-color-ai-5-color has-text-color has-link-color has-medium-font-size wp-elements-ad076a5c5c4455ffe91206e5d267c85f\" style=\"text-transform:uppercase\">Pl\u00e1n Z\u00e1kladn\u00ed<\/h4>\n\n\n\n<h6 class=\"wp-block-heading has-text-align-center has-easy-color-ai-5-color has-text-color has-link-color wp-elements-a0b704d29eaf28e7baf3449c3190ab63\" style=\"font-size:clamp(1.25rem, 1.25rem + ((1vw - 0.2rem) * 1.25), 2rem);\">400 K\u010d<\/h6>\n<\/div>\n<\/div>\n\n\n\n<div class=\"wp-block-columns is-layout-flex wp-container-core-columns-is-layout-28f84493 wp-block-columns-is-layout-flex\">\n<div class=\"wp-block-column has-easy-color-ai-5-background-color has-background is-layout-flow wp-block-column-is-layout-flow\" style=\"padding-top:var(--wp--preset--spacing--60);padding-right:var(--wp--preset--spacing--60);padding-bottom:var(--wp--preset--spacing--60);padding-left:var(--wp--preset--spacing--60)\">\n<ul style=\"color:#1f1f21cf\" class=\"wp-block-list is-style-checkmark-list has-text-color has-link-color has-medium-font-size wp-elements-c47a91e00deadd7f108428ae859b4c25\">\n<li class=\"has-medium-font-size\" style=\"line-height:1.7\">St\u0159\u00edh\u00e1n\u00ed ps\u016f mal\u00fdch plemen<\/li>\n\n\n\n<li class=\"has-medium-font-size\" style=\"line-height:1.7\">St\u0159\u00edh\u00e1n\u00ed dr\u00e1pk\u016f<\/li>\n\n\n\n<li>\u010ci\u0161t\u011bn\u00ed u\u0161\u00ed a odstran\u011bn\u00ed chloupk\u016f<\/li>\n<\/ul>\n<\/div>\n<\/div>\n<\/div>\n\n\n\n<div class=\"wp-block-column is-vertically-aligned-stretch has-base-2-background-color is-layout-flow wp-container-core-column-is-layout-f016c79b wp-block-column-is-layout-flow\" style=\"padding-top:0;padding-right:0;padding-bottom:0;padding-left:0;flex-basis:100%\">\n<div class=\"wp-block-columns has-easy-color-ai-1-background-color has-background is-layout-flex wp-container-core-columns-is-layout-7d874bf9 wp-block-columns-is-layout-flex\" style=\"border-top-left-radius:30px;border-top-right-radius:30px;border-bottom-left-radius:0px;border-bottom-right-radius:0px;margin-top:0;margin-bottom:0;padding-top:0;padding-bottom:0\">\n<div class=\"wp-block-column is-layout-flow wp-container-core-column-is-layout-940c6c4f wp-block-column-is-layout-flow\" style=\"padding-top:var(--wp--preset--spacing--60);padding-right:0;padding-bottom:var(--wp--preset--spacing--60);padding-left:0\">\n<h4 class=\"wp-block-heading has-text-align-center has-easy-color-ai-5-color has-text-color has-link-color has-medium-font-size wp-elements-ade7de793eda8f3895363379a5b49d20\" style=\"text-transform:uppercase\">Pl\u00e1n standart<\/h4>\n\n\n\n<div class=\"wp-block-group is-content-justification-center is-nowrap is-layout-flex wp-container-core-group-is-layout-23441af8 wp-block-group-is-layout-flex\">\n<h6 class=\"wp-block-heading has-text-align-center has-easy-color-ai-5-color has-text-color has-link-color wp-elements-d22f9e2dc5f2301da92af4ce4ccce0cc\" style=\"font-size:clamp(1.25rem, 1.25rem + ((1vw - 0.2rem) * 1.25), 2rem);\">500 K\u010d<\/h6>\n<\/div>\n<\/div>\n<\/div>\n\n\n\n<div class=\"wp-block-columns is-layout-flex wp-container-core-columns-is-layout-ec2e7a44 wp-block-columns-is-layout-flex\" style=\"padding-top:0;padding-bottom:0\">\n<div class=\"wp-block-column has-easy-color-ai-5-background-color has-background is-layout-flow wp-block-column-is-layout-flow\" style=\"padding-top:var(--wp--preset--spacing--60);padding-right:var(--wp--preset--spacing--60);padding-bottom:var(--wp--preset--spacing--60);padding-left:var(--wp--preset--spacing--60)\">\n<ul style=\"color:#1f1f21cf\" class=\"wp-block-list is-style-checkmark-list has-text-color has-link-color has-medium-font-size wp-elements-cd123c844e94e6266f3dce8d148dc975\">\n<li class=\"has-medium-font-size\" style=\"line-height:1.7\">Koup\u00e1n\u00ed a vy\u010des\u00e1v\u00e1n\u00ed<\/li>\n\n\n\n<li class=\"has-medium-font-size\" style=\"line-height:1.7\">Maska pro srst<\/li>\n\n\n\n<li class=\"has-medium-font-size\" style=\"line-height:1.7\">Su\u0161en\u00ed srsti<\/li>\n\n\n\n<li class=\"has-medium-font-size\" style=\"line-height:1.7\">St\u0159\u00edh\u00e1n\u00ed ps\u016f mal\u00fdch plemen<\/li>\n\n\n\n<li>St\u0159\u00edh\u00e1n\u00ed dr\u00e1pk\u016f<\/li>\n\n\n\n<li>\u010ci\u0161t\u011bn\u00ed u\u0161\u00ed a odstran\u011bn\u00ed chloupk\u016f<\/li>\n<\/ul>\n<\/div>\n<\/div>\n<\/div>\n\n\n\n<div class=\"wp-block-column is-vertically-aligned-stretch has-base-2-background-color is-layout-flow wp-container-core-column-is-layout-f016c79b wp-block-column-is-layout-flow\" style=\"padding-top:0;padding-right:0;padding-bottom:0;padding-left:0;flex-basis:100%\">\n<div class=\"wp-block-columns has-easy-color-ai-1-background-color has-background is-layout-flex wp-container-core-columns-is-layout-ec2e7a44 wp-block-columns-is-layout-flex\" style=\"border-top-left-radius:30px;border-top-right-radius:30px;border-bottom-left-radius:0px;border-bottom-right-radius:0px;padding-top:0;padding-bottom:0\">\n<div class=\"wp-block-column is-layout-flow wp-container-core-column-is-layout-940c6c4f wp-block-column-is-layout-flow\" style=\"padding-top:var(--wp--preset--spacing--60);padding-right:0;padding-bottom:var(--wp--preset--spacing--60);padding-left:0\">\n<h4 class=\"wp-block-heading has-text-align-center has-easy-color-ai-5-color has-text-color has-link-color has-medium-font-size wp-elements-df3cf28191e2cd59c206e409948b5430\" style=\"text-transform:uppercase\">Zanedban\u00fd pes<\/h4>\n\n\n\n<h3 class=\"wp-block-heading has-text-align-center\">p\u0159\u00edplatek<\/h3>\n\n\n\n<h6 class=\"wp-block-heading has-text-align-center has-easy-color-ai-5-color has-text-color has-link-color wp-elements-a032d77c69c4cc65f1ba27da36af9e7e\" style=\"font-size:clamp(1.25rem, 1.25rem + ((1vw - 0.2rem) * 1.25), 2rem);\">50 %<\/h6>\n<\/div>\n<\/div>\n\n\n\n<div class=\"wp-block-columns has-easy-color-ai-5-background-color has-background is-layout-flex wp-container-core-columns-is-layout-a5331a9e wp-block-columns-is-layout-flex\" style=\"padding-top:0;padding-right:0;padding-bottom:0;padding-left:0\">\n<div class=\"wp-block-column is-layout-flow wp-block-column-is-layout-flow\" style=\"padding-top:var(--wp--preset--spacing--60);padding-right:var(--wp--preset--spacing--60);padding-bottom:var(--wp--preset--spacing--60);padding-left:var(--wp--preset--spacing--60)\">\n<p class=\"has-medium-font-size\" style=\"line-height:1.7\"><\/p>\n\n\n\n<ul style=\"color:#1f1f21cf\" class=\"wp-block-list is-style-checkmark-list has-text-color has-link-color has-medium-font-size wp-elements-31b47b235817eead9bfd3619b3545003\">\n<li><\/li>\n<\/ul>\n<\/div>\n<\/div>\n<\/div>\n<\/div>\n<\/div>\n","protected":false},"excerpt":{"rendered":"<p>Pro kr\u00e1sn\u00fd vzhled a spokojen\u00e9ho pejska Cen\u00edk slu\u017eeb Na t\u00e9to str\u00e1nce naleznete p\u0159esn\u00fd a aktu\u00e1ln\u00ed cen\u00edk na\u0161ich profesion\u00e1ln\u00edch st\u0159\u00edh\u00e1n\u00ed ps\u016f, koup\u00e1n\u00ed, trimov\u00e1n\u00ed, st\u0159\u00edh\u00e1n\u00ed dr\u00e1pk\u016f a dal\u0161\u00edch \u0161it\u00fdch na m\u00edru ka\u017ed\u00e9mu pejskovi. Cenov\u00e9 pl\u00e1ny Zde naleznete p\u0159ehled na\u0161ich cen za jednotliv\u00e9 slu\u017eby. Pl\u00e1n Z\u00e1kladn\u00ed 400 K\u010d Pl\u00e1n standart 500 K\u010d Zanedban\u00fd pes p\u0159\u00edplatek 50 %<\/p>\n","protected":false},"author":1,"featured_media":0,"parent":0,"menu_order":0,"comment_status":"closed","ping_status":"closed","template":"","meta":{"footnotes":""},"class_list":["post-38","page","type-page","status-publish","hentry"],"espresso_ai_page_context":{"short_desc":"Na t\u00e9to str\u00e1nce by m\u011bl b\u00fdt p\u0159ehledn\u011b uveden cen\u00edk v\u0161ech na\u0161ich slu\u017eeb. M\u016f\u017eete jej rozd\u011blit do kategori\u00ed nebo uv\u00e9st ceny pro jednotliv\u00e9 plemena. Ujist\u011bte se, \u017ee jsou ceny p\u0159esn\u00e9 a aktu\u00e1ln\u00ed.","purpose":"pricing","set_by_espresso":true,"isFrontPage":false},"yoast_head":"<!-- This site is optimized with the Yoast SEO Premium plugin v24.6 (Yoast SEO v24.6) - https:\/\/yoast.com\/wordpress\/plugins\/seo\/ -->\n<title>Cen\u00edk - St\u0159\u00edh\u00e1n\u00ed ps\u016f Elen<\/title>\n<meta name=\"description\" content=\"Profesion\u00e1ln\u00ed p\u00e9\u010de o va\u0161eho mazl\u00ed\u010dka za dostupn\u00e9 ceny. Nab\u00edz\u00edme st\u0159\u00edh\u00e1n\u00ed, \u00fapravu srsti a dal\u0161\u00ed slu\u017eby pro psy mal\u00fdch plemen.\" \/>\n<meta name=\"robots\" content=\"index, follow, max-snippet:-1, max-image-preview:large, max-video-preview:-1\" \/>\n<link rel=\"canonical\" href=\"https:\/\/psi-salon.eleninadilna.cz\/domains\/psi-salon.eleninadilna.cz\/cenik\/\" \/>\n<meta property=\"og:locale\" content=\"cs_CZ\" \/>\n<meta property=\"og:type\" content=\"article\" \/>\n<meta property=\"og:title\" content=\"Cen\u00edk\" \/>\n<meta property=\"og:description\" content=\"Profesion\u00e1ln\u00ed p\u00e9\u010de o va\u0161eho mazl\u00ed\u010dka za dostupn\u00e9 ceny. Nab\u00edz\u00edme st\u0159\u00edh\u00e1n\u00ed, \u00fapravu srsti a dal\u0161\u00ed slu\u017eby pro psy mal\u00fdch plemen.\" \/>\n<meta property=\"og:url\" content=\"https:\/\/psi-salon.eleninadilna.cz\/domains\/psi-salon.eleninadilna.cz\/cenik\/\" \/>\n<meta property=\"og:site_name\" content=\"St\u0159\u00edh\u00e1n\u00ed ps\u016f Elen\" \/>\n<meta property=\"article:modified_time\" content=\"2025-03-17T15:22:33+00:00\" \/>\n<meta property=\"og:image\" content=\"https:\/\/psi-salon.eleninadilna.cz\/domains\/psi-salon.eleninadilna.cz\/wp-content\/uploads\/2025\/03\/pexels-photo-6131159.jpeg\" \/>\n<meta name=\"twitter:card\" content=\"summary_large_image\" \/>\n<script type=\"application\/ld+json\" class=\"yoast-schema-graph\">{\"@context\":\"https:\/\/schema.org\",\"@graph\":[{\"@type\":\"WebPage\",\"@id\":\"https:\/\/psi-salon.eleninadilna.cz\/domains\/psi-salon.eleninadilna.cz\/cenik\/\",\"url\":\"https:\/\/psi-salon.eleninadilna.cz\/domains\/psi-salon.eleninadilna.cz\/cenik\/\",\"name\":\"Cen\u00edk - St\u0159\u00edh\u00e1n\u00ed ps\u016f Elen\",\"isPartOf\":{\"@id\":\"https:\/\/psi-salon.eleninadilna.cz\/domains\/psi-salon.eleninadilna.cz\/#website\"},\"primaryImageOfPage\":{\"@id\":\"https:\/\/psi-salon.eleninadilna.cz\/domains\/psi-salon.eleninadilna.cz\/cenik\/#primaryimage\"},\"image\":{\"@id\":\"https:\/\/psi-salon.eleninadilna.cz\/domains\/psi-salon.eleninadilna.cz\/cenik\/#primaryimage\"},\"thumbnailUrl\":\"https:\/\/psi-salon.eleninadilna.cz\/domains\/psi-salon.eleninadilna.cz\/wp-content\/uploads\/2025\/03\/pexels-photo-6131159.jpeg\",\"datePublished\":\"2025-03-13T10:46:35+00:00\",\"dateModified\":\"2025-03-17T15:22:33+00:00\",\"description\":\"Profesion\u00e1ln\u00ed p\u00e9\u010de o va\u0161eho mazl\u00ed\u010dka za dostupn\u00e9 ceny. Nab\u00edz\u00edme st\u0159\u00edh\u00e1n\u00ed, \u00fapravu srsti a dal\u0161\u00ed slu\u017eby pro psy mal\u00fdch plemen.\",\"breadcrumb\":{\"@id\":\"https:\/\/psi-salon.eleninadilna.cz\/domains\/psi-salon.eleninadilna.cz\/cenik\/#breadcrumb\"},\"inLanguage\":\"cs\",\"potentialAction\":[{\"@type\":\"ReadAction\",\"target\":[\"https:\/\/psi-salon.eleninadilna.cz\/domains\/psi-salon.eleninadilna.cz\/cenik\/\"]}]},{\"@type\":\"ImageObject\",\"inLanguage\":\"cs\",\"@id\":\"https:\/\/psi-salon.eleninadilna.cz\/domains\/psi-salon.eleninadilna.cz\/cenik\/#primaryimage\",\"url\":\"https:\/\/psi-salon.eleninadilna.cz\/domains\/psi-salon.eleninadilna.cz\/wp-content\/uploads\/2025\/03\/pexels-photo-6131159.jpeg\",\"contentUrl\":\"https:\/\/psi-salon.eleninadilna.cz\/domains\/psi-salon.eleninadilna.cz\/wp-content\/uploads\/2025\/03\/pexels-photo-6131159.jpeg\",\"width\":600,\"height\":900},{\"@type\":\"BreadcrumbList\",\"@id\":\"https:\/\/psi-salon.eleninadilna.cz\/domains\/psi-salon.eleninadilna.cz\/cenik\/#breadcrumb\",\"itemListElement\":[{\"@type\":\"ListItem\",\"position\":1,\"name\":\"Dom\u016f\",\"item\":\"https:\/\/psi-salon.eleninadilna.cz\/domains\/psi-salon.eleninadilna.cz\/\"},{\"@type\":\"ListItem\",\"position\":2,\"name\":\"Cen\u00edk\"}]},{\"@type\":\"WebSite\",\"@id\":\"https:\/\/psi-salon.eleninadilna.cz\/domains\/psi-salon.eleninadilna.cz\/#website\",\"url\":\"https:\/\/psi-salon.eleninadilna.cz\/domains\/psi-salon.eleninadilna.cz\/\",\"name\":\"St\u0159\u00edh\u00e1n\u00ed ps\u016f Elen\",\"description\":\"Nab\u00edz\u00edm slu\u017eby p\u00e9\u010de o mal\u00e9 psy, jako je nap\u0159\u00edklad st\u0159\u00edh\u00e1n\u00ed srsti, koup\u00e1n\u00ed, st\u0159\u00edh\u00e1n\u00ed dr\u00e1p\u016f a dal\u0161\u00ed \u00fapravy.\",\"publisher\":{\"@id\":\"https:\/\/psi-salon.eleninadilna.cz\/domains\/psi-salon.eleninadilna.cz\/#organization\"},\"potentialAction\":[{\"@type\":\"SearchAction\",\"target\":{\"@type\":\"EntryPoint\",\"urlTemplate\":\"https:\/\/psi-salon.eleninadilna.cz\/domains\/psi-salon.eleninadilna.cz\/?s={search_term_string}\"},\"query-input\":{\"@type\":\"PropertyValueSpecification\",\"valueRequired\":true,\"valueName\":\"search_term_string\"}}],\"inLanguage\":\"cs\"},{\"@type\":\"Organization\",\"@id\":\"https:\/\/psi-salon.eleninadilna.cz\/domains\/psi-salon.eleninadilna.cz\/#organization\",\"name\":\"Elenina d\u00edlna\",\"url\":\"https:\/\/psi-salon.eleninadilna.cz\/domains\/psi-salon.eleninadilna.cz\/\",\"logo\":{\"@type\":\"ImageObject\",\"inLanguage\":\"cs\",\"@id\":\"https:\/\/psi-salon.eleninadilna.cz\/domains\/psi-salon.eleninadilna.cz\/#\/schema\/logo\/image\/\",\"url\":\"https:\/\/psi-salon.eleninadilna.cz\/domains\/psi-salon.eleninadilna.cz\/wp-content\/uploads\/2025\/03\/1.png\",\"contentUrl\":\"https:\/\/psi-salon.eleninadilna.cz\/domains\/psi-salon.eleninadilna.cz\/wp-content\/uploads\/2025\/03\/1.png\",\"width\":2160,\"height\":2160,\"caption\":\"Elenina d\u00edlna\"},\"image\":{\"@id\":\"https:\/\/psi-salon.eleninadilna.cz\/domains\/psi-salon.eleninadilna.cz\/#\/schema\/logo\/image\/\"},\"ownershipFundingInfo\":\"https:\/\/psi-salon.eleninadilna.cz\/domains\/psi-salon.eleninadilna.cz\/o-nas\/\",\"ethicsPolicy\":\"https:\/\/psi-salon.eleninadilna.cz\/domains\/psi-salon.eleninadilna.cz\/ochrana-osobnich-udaju\/\"}]}<\/script>\n<!-- \/ Yoast SEO Premium plugin. -->","yoast_head_json":{"title":"Cen\u00edk - St\u0159\u00edh\u00e1n\u00ed ps\u016f Elen","description":"Profesion\u00e1ln\u00ed p\u00e9\u010de o va\u0161eho mazl\u00ed\u010dka za dostupn\u00e9 ceny. Nab\u00edz\u00edme st\u0159\u00edh\u00e1n\u00ed, \u00fapravu srsti a dal\u0161\u00ed slu\u017eby pro psy mal\u00fdch plemen.","robots":{"index":"index","follow":"follow","max-snippet":"max-snippet:-1","max-image-preview":"max-image-preview:large","max-video-preview":"max-video-preview:-1"},"canonical":"https:\/\/psi-salon.eleninadilna.cz\/domains\/psi-salon.eleninadilna.cz\/cenik\/","og_locale":"cs_CZ","og_type":"article","og_title":"Cen\u00edk","og_description":"Profesion\u00e1ln\u00ed p\u00e9\u010de o va\u0161eho mazl\u00ed\u010dka za dostupn\u00e9 ceny. Nab\u00edz\u00edme st\u0159\u00edh\u00e1n\u00ed, \u00fapravu srsti a dal\u0161\u00ed slu\u017eby pro psy mal\u00fdch plemen.","og_url":"https:\/\/psi-salon.eleninadilna.cz\/domains\/psi-salon.eleninadilna.cz\/cenik\/","og_site_name":"St\u0159\u00edh\u00e1n\u00ed ps\u016f Elen","article_modified_time":"2025-03-17T15:22:33+00:00","og_image":[{"url":"https:\/\/psi-salon.eleninadilna.cz\/domains\/psi-salon.eleninadilna.cz\/wp-content\/uploads\/2025\/03\/pexels-photo-6131159.jpeg","type":"","width":"","height":""}],"twitter_card":"summary_large_image","schema":{"@context":"https:\/\/schema.org","@graph":[{"@type":"WebPage","@id":"https:\/\/psi-salon.eleninadilna.cz\/domains\/psi-salon.eleninadilna.cz\/cenik\/","url":"https:\/\/psi-salon.eleninadilna.cz\/domains\/psi-salon.eleninadilna.cz\/cenik\/","name":"Cen\u00edk - St\u0159\u00edh\u00e1n\u00ed ps\u016f Elen","isPartOf":{"@id":"https:\/\/psi-salon.eleninadilna.cz\/domains\/psi-salon.eleninadilna.cz\/#website"},"primaryImageOfPage":{"@id":"https:\/\/psi-salon.eleninadilna.cz\/domains\/psi-salon.eleninadilna.cz\/cenik\/#primaryimage"},"image":{"@id":"https:\/\/psi-salon.eleninadilna.cz\/domains\/psi-salon.eleninadilna.cz\/cenik\/#primaryimage"},"thumbnailUrl":"https:\/\/psi-salon.eleninadilna.cz\/domains\/psi-salon.eleninadilna.cz\/wp-content\/uploads\/2025\/03\/pexels-photo-6131159.jpeg","datePublished":"2025-03-13T10:46:35+00:00","dateModified":"2025-03-17T15:22:33+00:00","description":"Profesion\u00e1ln\u00ed p\u00e9\u010de o va\u0161eho mazl\u00ed\u010dka za dostupn\u00e9 ceny. Nab\u00edz\u00edme st\u0159\u00edh\u00e1n\u00ed, \u00fapravu srsti a dal\u0161\u00ed slu\u017eby pro psy mal\u00fdch plemen.","breadcrumb":{"@id":"https:\/\/psi-salon.eleninadilna.cz\/domains\/psi-salon.eleninadilna.cz\/cenik\/#breadcrumb"},"inLanguage":"cs","potentialAction":[{"@type":"ReadAction","target":["https:\/\/psi-salon.eleninadilna.cz\/domains\/psi-salon.eleninadilna.cz\/cenik\/"]}]},{"@type":"ImageObject","inLanguage":"cs","@id":"https:\/\/psi-salon.eleninadilna.cz\/domains\/psi-salon.eleninadilna.cz\/cenik\/#primaryimage","url":"https:\/\/psi-salon.eleninadilna.cz\/domains\/psi-salon.eleninadilna.cz\/wp-content\/uploads\/2025\/03\/pexels-photo-6131159.jpeg","contentUrl":"https:\/\/psi-salon.eleninadilna.cz\/domains\/psi-salon.eleninadilna.cz\/wp-content\/uploads\/2025\/03\/pexels-photo-6131159.jpeg","width":600,"height":900},{"@type":"BreadcrumbList","@id":"https:\/\/psi-salon.eleninadilna.cz\/domains\/psi-salon.eleninadilna.cz\/cenik\/#breadcrumb","itemListElement":[{"@type":"ListItem","position":1,"name":"Dom\u016f","item":"https:\/\/psi-salon.eleninadilna.cz\/domains\/psi-salon.eleninadilna.cz\/"},{"@type":"ListItem","position":2,"name":"Cen\u00edk"}]},{"@type":"WebSite","@id":"https:\/\/psi-salon.eleninadilna.cz\/domains\/psi-salon.eleninadilna.cz\/#website","url":"https:\/\/psi-salon.eleninadilna.cz\/domains\/psi-salon.eleninadilna.cz\/","name":"St\u0159\u00edh\u00e1n\u00ed ps\u016f Elen","description":"Nab\u00edz\u00edm slu\u017eby p\u00e9\u010de o mal\u00e9 psy, jako je nap\u0159\u00edklad st\u0159\u00edh\u00e1n\u00ed srsti, koup\u00e1n\u00ed, st\u0159\u00edh\u00e1n\u00ed dr\u00e1p\u016f a dal\u0161\u00ed \u00fapravy.","publisher":{"@id":"https:\/\/psi-salon.eleninadilna.cz\/domains\/psi-salon.eleninadilna.cz\/#organization"},"potentialAction":[{"@type":"SearchAction","target":{"@type":"EntryPoint","urlTemplate":"https:\/\/psi-salon.eleninadilna.cz\/domains\/psi-salon.eleninadilna.cz\/?s={search_term_string}"},"query-input":{"@type":"PropertyValueSpecification","valueRequired":true,"valueName":"search_term_string"}}],"inLanguage":"cs"},{"@type":"Organization","@id":"https:\/\/psi-salon.eleninadilna.cz\/domains\/psi-salon.eleninadilna.cz\/#organization","name":"Elenina d\u00edlna","url":"https:\/\/psi-salon.eleninadilna.cz\/domains\/psi-salon.eleninadilna.cz\/","logo":{"@type":"ImageObject","inLanguage":"cs","@id":"https:\/\/psi-salon.eleninadilna.cz\/domains\/psi-salon.eleninadilna.cz\/#\/schema\/logo\/image\/","url":"https:\/\/psi-salon.eleninadilna.cz\/domains\/psi-salon.eleninadilna.cz\/wp-content\/uploads\/2025\/03\/1.png","contentUrl":"https:\/\/psi-salon.eleninadilna.cz\/domains\/psi-salon.eleninadilna.cz\/wp-content\/uploads\/2025\/03\/1.png","width":2160,"height":2160,"caption":"Elenina d\u00edlna"},"image":{"@id":"https:\/\/psi-salon.eleninadilna.cz\/domains\/psi-salon.eleninadilna.cz\/#\/schema\/logo\/image\/"},"ownershipFundingInfo":"https:\/\/psi-salon.eleninadilna.cz\/domains\/psi-salon.eleninadilna.cz\/o-nas\/","ethicsPolicy":"https:\/\/psi-salon.eleninadilna.cz\/domains\/psi-salon.eleninadilna.cz\/ochrana-osobnich-udaju\/"}]}},"_links":{"self":[{"href":"https:\/\/psi-salon.eleninadilna.cz\/domains\/psi-salon.eleninadilna.cz\/wp-json\/wp\/v2\/pages\/38","targetHints":{"allow":["GET"]}}],"collection":[{"href":"https:\/\/psi-salon.eleninadilna.cz\/domains\/psi-salon.eleninadilna.cz\/wp-json\/wp\/v2\/pages"}],"about":[{"href":"https:\/\/psi-salon.eleninadilna.cz\/domains\/psi-salon.eleninadilna.cz\/wp-json\/wp\/v2\/types\/page"}],"author":[{"embeddable":true,"href":"https:\/\/psi-salon.eleninadilna.cz\/domains\/psi-salon.eleninadilna.cz\/wp-json\/wp\/v2\/users\/1"}],"replies":[{"embeddable":true,"href":"https:\/\/psi-salon.eleninadilna.cz\/domains\/psi-salon.eleninadilna.cz\/wp-json\/wp\/v2\/comments?post=38"}],"version-history":[{"count":3,"href":"https:\/\/psi-salon.eleninadilna.cz\/domains\/psi-salon.eleninadilna.cz\/wp-json\/wp\/v2\/pages\/38\/revisions"}],"predecessor-version":[{"id":168,"href":"https:\/\/psi-salon.eleninadilna.cz\/domains\/psi-salon.eleninadilna.cz\/wp-json\/wp\/v2\/pages\/38\/revisions\/168"}],"wp:attachment":[{"href":"https:\/\/psi-salon.eleninadilna.cz\/domains\/psi-salon.eleninadilna.cz\/wp-json\/wp\/v2\/media?parent=38"}],"curies":[{"name":"wp","href":"https:\/\/api.w.org\/{rel}","templated":true}]}}